{"id":70174,"date":"2021-05-10T16:18:37","date_gmt":"2021-05-10T16:18:37","guid":{"rendered":"https:\/\/www.infojudicial.com.ar\/areas\/?page_id=70174"},"modified":"2023-11-14T01:27:06","modified_gmt":"2023-11-14T01:27:06","slug":"comprar","status":"publish","type":"page","link":"https:\/\/www.infojudicial.com.ar\/areas\/comprar\/","title":{"rendered":"Comprar"},"content":{"rendered":"<h2 style=\"padding-left: 30px; text-align: left;\"><a id=\"suscripcion\" name=\"suscripcion\"><\/a><\/h2>\n<h3 style=\"color: #333333; padding-left: 30px; text-align: left;\"><img loading=\"lazy\" decoding=\"async\" class=\"size-full wp-image-78394\" src=\"https:\/\/www.escritosjuridicos.com\/wp-content\/uploads\/2021\/07\/vineta_verde.png\" alt=\"\" width=\"20\" height=\"20\" \/> Consulte online\u00a0 m\u00e1s de 65.000 documentos jur\u00eddicos, Legislaci\u00f3n, Jurisprudencia y Modelos de Escritos.<\/h3>\n<h3 style=\"color: #333333; padding-left: 30px; text-align: left;\"><img loading=\"lazy\" decoding=\"async\" class=\"size-full wp-image-78394\" src=\"https:\/\/www.escritosjuridicos.com\/wp-content\/uploads\/2021\/07\/vineta_verde.png\" alt=\"\" width=\"20\" height=\"20\" \/> Jurisprudencia: 40.000 fallos a texto completo\u00a0 del orden Nacional y Provincial emanos de los distintos tribunales del pa\u00eds.<\/h3>\n<h3 style=\"color: #333333; padding-left: 30px; text-align: left;\"><img loading=\"lazy\" decoding=\"async\" class=\"size-full wp-image-78394\" src=\"https:\/\/www.escritosjuridicos.com\/wp-content\/uploads\/2021\/07\/vineta_verde.png\" alt=\"\" width=\"20\" height=\"20\" \/> Legislaci\u00f3n: m\u00e1s de 20.000 normas Nacionales y Provinciales, Leyes, Decretos, Resoluciones.<\/h3>\n<h3 style=\"color: #333333; padding-left: 30px; text-align: left;\"><img loading=\"lazy\" decoding=\"async\" class=\"size-full wp-image-78394\" src=\"https:\/\/www.escritosjuridicos.com\/wp-content\/uploads\/2021\/07\/vineta_verde.png\" alt=\"\" width=\"20\" height=\"20\" \/> Modelos de Escritos: 5.000 modelos referidos a una gran cantidad de temas. Contratos, Cartas Documento, Demandas, Contestaciones, Oficios, Recursos, etc.<\/h3>\n<h3 style=\"color: #333333; padding-left: 30px; text-align: left;\"><img loading=\"lazy\" decoding=\"async\" class=\"size-full wp-image-78394\" src=\"https:\/\/www.escritosjuridicos.com\/wp-content\/uploads\/2021\/07\/vineta_verde.png\" alt=\"\" width=\"20\" height=\"20\" \/> Tendr\u00e1 acceso ilimitado a todos los documentos y a sus actualizaciones por 12 meses corridos.<\/h3>\n<h3 style=\"color: #333333; padding-left: 30px; text-align: left;\"><img loading=\"lazy\" decoding=\"async\" class=\"size-full wp-image-78394\" src=\"https:\/\/www.escritosjuridicos.com\/wp-content\/uploads\/2021\/07\/vineta_verde.png\" alt=\"\" width=\"20\" height=\"20\" \/> Con su nombre de usuario y contrase\u00f1a podr\u00e1 acceder a todos los contenidos disponibles.<\/h3>\n<h1 style=\"color: #333333; padding-left: 30px; text-align: center;\"><strong><span style=\"color: #333399;\">Planes de Acceso<\/span><\/strong><\/h1>\n<h1 style=\"color: #333333; padding-left: 30px; text-align: center;\"><strong><span style=\"color: #333399;\">HASTA 3 CUOTAS SIN INTER\u00c9S<\/span><\/strong><\/h1>\n\r\n<script>\r\n\r\njQuery(document).ready(function($){\r\n\r\n            if(window.innerWidth < 576) {\r\n\r\n            $('.pricingtable-144877').addClass('owl-carousel');\r\n\r\n\r\n\r\n            $(\".pricingtable-144877\").owlCarousel({\r\n\r\n                items : 1,\r\n                navText : [\"\",\"\"],\r\n                autoplay: false,\r\n                loop: false,\r\n                autoHeight : true,\r\n                nav : true,\r\n                dots : true,\r\n            })\r\n\r\n        }\r\n        \r\n\r\n\r\n})\r\n\r\n    <\/script>\r\n\r\n\r\n<style type=\"text\/css\">\r\n    @media (max-width: 576px){\r\n        .pricingtable .column{\r\n            width: 90% !important;\r\n        }\r\n\r\n    }\r\n\r\n<\/style>\r\n\r\n\r\n\t<style type=\"text\/css\">\r\n        .pricingtable-144877 .column-item-data.odd{\r\n                }\r\n        .pricingtable-144877 .column-item-data.even{\r\n                }\r\n\t<\/style>\r\n\r\n\t<div class=\"pricingtable   pricingtable-144877 semi-rounded\" style=\"background:url() repeat scroll 0 0 rgba(0, 0, 0, 0);\" >\r\n\r\n\t\t\t<div style=\"width:;margin: \" class=\"column column-1 \">\r\n\r\n\r\n\t\t\t\t\t<div style=\" background-color:#151784;color: #ffffff\" class=\"column-item column-item-header\">\r\n\t<span style=\"font-size:;\" class=\"pricingtable-header-name\">Mensual<\/span>\r\n\t<\/div><div  style=\" background-color:; color:\" class=\"column-item column-item-price\">\r\n\t<span style='font-size:;line-height:;color:' class='price-value'>$8900<\/span>\r\n\t\t\t<span class='pt-pd'>por mes<\/span>\r\n\t\t<\/div><div style=\" background-color:\" class=\"column-item column-item-footer\">\r\n\t<a style=\"background-color:#151784;color:#ffffff\" class=\"pricingtable-signup-name pricingtable-button semi-round\" href=\"https:\/\/www.mercadopago.com.ar\/subscriptions\/checkout?preapproval_plan_id=2c93808490edce280190f0e9202300f4\">Comprar<\/a>\r\n<\/div>                                <div class=\"column-item column-item-body\">\r\n\t\t\t                    <div class=\"column-item-data odd\">\u2713Acceso ilimitado a todos los documentos por 1 mes<\/div>\r\n<div class=\"column-item-data even\">\u2713 Descarga de documentos<\/div>\r\n<div class=\"column-item-data odd\">\u2713 Legislaci\u00f3n<\/div>\r\n<div class=\"column-item-data even\">\u2713 Jurisprudencia<\/div>\r\n<div class=\"column-item-data odd\">\u2713 Modelos de escritos<\/div>\r\n<div class=\"column-item-data even\">* Precio mensual por usuario con tarjeta de cr\u00e9dito o tarjeta de d\u00e9bito, con renovaci\u00f3n mensual, sin l\u00edmite de permanencia.<\/div>\r\n                                <\/div>\r\n\t\t\t                    \r\n\r\n\t\t\t\t<\/div><div style=\"width:;margin: \" class=\"column column-2 \">\r\n\r\n\r\n\t\t\t\t\t<div style=\" background-color:#151784;color: #ffffff\" class=\"column-item column-item-header\">\r\n\t<span style=\"font-size:;\" class=\"pricingtable-header-name\">Semestral<\/span>\r\n\t<\/div><div  style=\" background-color:; color:\" class=\"column-item column-item-price\">\r\n\t<span style='font-size:;line-height:;color:' class='price-value'>$19900<\/span>\r\n\t\t\t<span class='pt-pd'>6 meses de acceso<\/span>\r\n\t\t<\/div><div style=\" background-color:\" class=\"column-item column-item-footer\">\r\n\t<a style=\"background-color:#151784;color:#ffffff\" class=\"pricingtable-signup-name pricingtable-button semi-round\" href=\"https:\/\/www.infojudicial.com.ar\/areas\/finalizar-compra\/?add-to-cart=144885\">Comprar<\/a>\r\n<\/div>                                <div class=\"column-item column-item-body\">\r\n\t\t\t                    <div class=\"column-item-data odd\">\u2713Acceso ilimitado a todos los documentos por 6 meses<\/div>\r\n<div class=\"column-item-data even\">\u2713 Descarga de documentos<\/div>\r\n<div class=\"column-item-data odd\">\u2713 Legislaci\u00f3n<\/div>\r\n<div class=\"column-item-data even\">\u2713 Jurisprudencia<\/div>\r\n<div class=\"column-item-data odd\">\u2713 Modelos de escritos<\/div>\r\n<div class=\"column-item-data even\">Hasta 3 cuotas sin inter\u00e9s<\/div>\r\n                                <\/div>\r\n\t\t\t                    \r\n\r\n\t\t\t\t<\/div><div style=\"width:;margin: \" class=\"column column-3 featured\">\r\n\r\n\r\n\t\t\t\t\t                        <span class=\"pricingtable-ribbon topright ribbon-dis_50\"><\/span>\r\n\t\t\t\t\t\t<div style=\" background-color:#151784;color: #ffffff\" class=\"column-item column-item-header\">\r\n\t<span style=\"font-size:;\" class=\"pricingtable-header-name\">Anual<\/span>\r\n\t<\/div><div  style=\" background-color:; color:\" class=\"column-item column-item-price\">\r\n\t<span style='font-size:;line-height:;color:' class='price-value'>$25000<\/span>\r\n\t\t\t<span class='pt-pd'>Promo - 12 meses de acceso<\/span>\r\n\t\t<\/div><div style=\" background-color:\" class=\"column-item column-item-footer\">\r\n\t<a style=\"background-color:#151784;color:#ffffff\" class=\"pricingtable-signup-name pricingtable-button semi-round\" href=\"https:\/\/www.infojudicial.com.ar\/areas\/finalizar-compra\/?add-to-cart=144016\">Comprar<\/a>\r\n<\/div>                                <div class=\"column-item column-item-body\">\r\n\t\t\t                    <div class=\"column-item-data odd\">\u2713Acceso ilimitado a todos los documentos por 12 meses<\/div>\r\n<div class=\"column-item-data even\">\u2713 Descarga de documentos<\/div>\r\n<div class=\"column-item-data odd\">\u2713 Legislaci\u00f3n<\/div>\r\n<div class=\"column-item-data even\">\u2713 Jurisprudencia<\/div>\r\n<div class=\"column-item-data odd\">\u2713 Modelos de escritos<\/div>\r\n<div class=\"column-item-data even\">Hasta 3 cuotas sin inter\u00e9s<\/div>\r\n                                <\/div>\r\n\t\t\t                    \r\n\r\n\t\t\t\t<\/div>\r\n\t<\/div>\r\n\r\n\r\n\n<h3 style=\"padding-left: 30px;\">Luego de realizado el pago, recibir\u00e1 un correo electr\u00f3nico con su nombre de usuario y contrase\u00f1a para acceder al sistema.<\/h3>\n<h3 style=\"padding-left: 30px;\"><span style=\"color: #373737;\"><span style=\"color: #000080;\"><strong>Formas de Pago:<\/strong><\/span> Puede abonar su compra mediante Tarjeta de Cr\u00e9dito, D\u00e9bito o en cualquier sucursal de PagoFacil y\/o RapiPago, como as\u00ed tambi\u00e9n obtener los datos necesarios para realizar una Transferencia Electr\u00f3nica o Dep\u00f3sito Bancario.<\/span><\/h3>\n<p><img decoding=\"async\" src=\"https:\/\/www.escritosjuridicos.com\/wp-content\/uploads\/2021\/04\/formas-pago-360-1.png\" \/><\/p>\n","protected":false},"excerpt":{"rendered":"<p>Consulte online\u00a0 m\u00e1s de 65.000 documentos jur\u00eddicos, Legislaci\u00f3n, Jurisprudencia y Modelos de Escritos. Jurisprudencia: 40.000 fallos a texto completo\u00a0 del orden Nacional y Provincial emanos de los distintos tribunales del pa\u00eds. Legislaci\u00f3n: m\u00e1s de 20.000 normas Nacionales y Provinciales, Leyes, Decretos, Resoluciones. Modelos de Escritos: 5.000 modelos referidos a una gran cantidad de temas. Contratos, [&hellip;]<\/p>\n","protected":false},"author":1,"featured_media":0,"parent":0,"menu_order":0,"comment_status":"closed","ping_status":"closed","template":"","meta":{"footnotes":""},"categories":[],"tags":[],"class_list":["post-70174","page","type-page","status-publish","hentry"],"_links":{"self":[{"href":"https:\/\/www.infojudicial.com.ar\/areas\/wp-json\/wp\/v2\/pages\/70174","targetHints":{"allow":["GET"]}}],"collection":[{"href":"https:\/\/www.infojudicial.com.ar\/areas\/wp-json\/wp\/v2\/pages"}],"about":[{"href":"https:\/\/www.infojudicial.com.ar\/areas\/wp-json\/wp\/v2\/types\/page"}],"author":[{"embeddable":true,"href":"https:\/\/www.infojudicial.com.ar\/areas\/wp-json\/wp\/v2\/users\/1"}],"replies":[{"embeddable":true,"href":"https:\/\/www.infojudicial.com.ar\/areas\/wp-json\/wp\/v2\/comments?post=70174"}],"version-history":[{"count":0,"href":"https:\/\/www.infojudicial.com.ar\/areas\/wp-json\/wp\/v2\/pages\/70174\/revisions"}],"wp:attachment":[{"href":"https:\/\/www.infojudicial.com.ar\/areas\/wp-json\/wp\/v2\/media?parent=70174"}],"wp:term":[{"taxonomy":"category","embeddable":true,"href":"https:\/\/www.infojudicial.com.ar\/areas\/wp-json\/wp\/v2\/categories?post=70174"},{"taxonomy":"post_tag","embeddable":true,"href":"https:\/\/www.infojudicial.com.ar\/areas\/wp-json\/wp\/v2\/tags?post=70174"}],"curies":[{"name":"wp","href":"https:\/\/api.w.org\/{rel}","templated":true}]}}