{"id":144885,"date":"2023-09-25T20:22:13","date_gmt":"2023-09-25T20:22:13","guid":{"rendered":"https:\/\/www.infojudicial.com.ar\/areas\/?post_type=product&#038;p=144885"},"modified":"2024-07-26T21:45:34","modified_gmt":"2024-07-26T21:45:34","slug":"suscripcion-a-infojudicial-por-6-meses","status":"publish","type":"product","link":"https:\/\/www.infojudicial.com.ar\/areas\/tienda\/biblioteca\/suscripcion-a-infojudicial-por-6-meses\/","title":{"rendered":"Suscripci\u00f3n a infojudicial por 6 meses"},"content":{"rendered":"","protected":false},"excerpt":{"rendered":"<h1 style=\"color: #333333; padding-left: 30px; text-align: justify;\"><strong><span style=\"color: #333399;\">HASTA 3 CUOTAS SIN INTER\u00c9S<\/span><\/strong><strong><span style=\"color: #333399;\">\u00a0<a href=\"https:\/\/www.infojudicial.com.ar\/areas\/finalizar-compra\/?add-to-cart=144885\"><img loading=\"lazy\" decoding=\"async\" class=\"alignnone wp-image-84785 size-full\" src=\"https:\/\/www.escritosjuridicos.com\/wp-content\/uploads\/2023\/02\/comprar.png\" alt=\"\" width=\"101\" height=\"47\" \/><\/a><\/span><\/strong><\/h1>\n<h3 style=\"color: #333333; padding-left: 30px; text-align: justify;\"><img loading=\"lazy\" decoding=\"async\" class=\"size-full wp-image-78394\" src=\"https:\/\/www.escritosjuridicos.com\/wp-content\/uploads\/2021\/07\/vineta_verde.png\" alt=\"\" width=\"20\" height=\"20\" \/> Consulte online\u00a0 m\u00e1s de 65.000 documentos jur\u00eddicos, Legislaci\u00f3n, Jurisprudencia y Modelos de Escritos.<\/h3>\n<h3 style=\"color: #333333; padding-left: 30px; text-align: justify;\"><img loading=\"lazy\" decoding=\"async\" class=\"size-full wp-image-78394\" src=\"https:\/\/www.escritosjuridicos.com\/wp-content\/uploads\/2021\/07\/vineta_verde.png\" alt=\"\" width=\"20\" height=\"20\" \/> Jurisprudencia: 40.000 fallos a texto completo\u00a0 del orden Nacional y Provincial emanos de los distintos tribunales del pa\u00eds.<\/h3>\n<h3 style=\"color: #333333; padding-left: 30px; text-align: justify;\"><img loading=\"lazy\" decoding=\"async\" class=\"size-full wp-image-78394\" src=\"https:\/\/www.escritosjuridicos.com\/wp-content\/uploads\/2021\/07\/vineta_verde.png\" alt=\"\" width=\"20\" height=\"20\" \/> Legislaci\u00f3n: m\u00e1s de 20.000 normas Nacionales y Provinciales, Leyes, Decretos, Resoluciones.<\/h3>\n<h3 style=\"color: #333333; padding-left: 30px; text-align: justify;\"><img loading=\"lazy\" decoding=\"async\" class=\"size-full wp-image-78394\" src=\"https:\/\/www.escritosjuridicos.com\/wp-content\/uploads\/2021\/07\/vineta_verde.png\" alt=\"\" width=\"20\" height=\"20\" \/> Modelos de Escritos: 5.000 modelos referidos a una gran cantidad de temas. Contratos, Cartas Documento, Demandas, Contestaciones, Oficios, Recursos, etc.<\/h3>\n<h3 style=\"color: #333333; padding-left: 30px; text-align: justify;\"><img loading=\"lazy\" decoding=\"async\" class=\"size-full wp-image-78394\" src=\"https:\/\/www.escritosjuridicos.com\/wp-content\/uploads\/2021\/07\/vineta_verde.png\" alt=\"\" width=\"20\" height=\"20\" \/> Tendr\u00e1 acceso ilimitado a todos los documentos y a sus actualizaciones por 12 meses corridos.<\/h3>\n<h3 style=\"color: #333333; padding-left: 30px; text-align: justify;\"><img loading=\"lazy\" decoding=\"async\" class=\"size-full wp-image-78394\" src=\"https:\/\/www.escritosjuridicos.com\/wp-content\/uploads\/2021\/07\/vineta_verde.png\" alt=\"\" width=\"20\" height=\"20\" \/> Con su nombre de usuario y contrase\u00f1a podr\u00e1 acceder a todos los contenidos disponibles.<\/h3>\n<h3 style=\"padding-left: 30px; text-align: justify;\"><span style=\"color: #ff0000;\"><strong>*<\/strong><\/span>Luego de realizado el pago, recibir\u00e1 un correo electr\u00f3nico con su nombre de usuario, contrase\u00f1a para acceder a todos los documentos.<\/h3>\n","protected":false},"featured_media":146001,"template":"","meta":[],"product_brand":[],"product_cat":[1229],"product_tag":[],"class_list":{"0":"post-144885","1":"product","2":"type-product","3":"status-publish","4":"has-post-thumbnail","6":"product_cat-biblioteca","8":"first","9":"instock","10":"featured","11":"virtual","12":"purchasable","13":"product-type-simple"},"_links":{"self":[{"href":"https:\/\/www.infojudicial.com.ar\/areas\/wp-json\/wp\/v2\/product\/144885","targetHints":{"allow":["GET"]}}],"collection":[{"href":"https:\/\/www.infojudicial.com.ar\/areas\/wp-json\/wp\/v2\/product"}],"about":[{"href":"https:\/\/www.infojudicial.com.ar\/areas\/wp-json\/wp\/v2\/types\/product"}],"wp:featuredmedia":[{"embeddable":true,"href":"https:\/\/www.infojudicial.com.ar\/areas\/wp-json\/wp\/v2\/media\/146001"}],"wp:attachment":[{"href":"https:\/\/www.infojudicial.com.ar\/areas\/wp-json\/wp\/v2\/media?parent=144885"}],"wp:term":[{"taxonomy":"product_brand","embeddable":true,"href":"https:\/\/www.infojudicial.com.ar\/areas\/wp-json\/wp\/v2\/product_brand?post=144885"},{"taxonomy":"product_cat","embeddable":true,"href":"https:\/\/www.infojudicial.com.ar\/areas\/wp-json\/wp\/v2\/product_cat?post=144885"},{"taxonomy":"product_tag","embeddable":true,"href":"https:\/\/www.infojudicial.com.ar\/areas\/wp-json\/wp\/v2\/product_tag?post=144885"}],"curies":[{"name":"wp","href":"https:\/\/api.w.org\/{rel}","templated":true}]}}