{"id":145770,"date":"2019-08-17T18:07:17","date_gmt":"2019-08-17T18:07:17","guid":{"rendered":"https:\/\/www.infojudicial.com.ar\/areas\/?post_type=product&#038;p=71365"},"modified":"2025-01-02T20:51:40","modified_gmt":"2025-01-02T20:51:40","slug":"pack-codigo-civil","status":"publish","type":"product","link":"https:\/\/www.infojudicial.com.ar\/areas\/tienda\/cursos-y-talleres\/packs\/pack-codigo-civil\/","title":{"rendered":"Pack de cursos del c\u00f3digo civil y comercial"},"content":{"rendered":"","protected":false},"excerpt":{"rendered":"<p style=\"text-align: justify;\">EL PACK C\u00d3DIGO CIVIL Y COMERCIAL\u00a0INCLUYE LOS SIGUIENTES CURSOS:<\/p>\n<ul style=\"text-align: justify;\">\n<li><strong>AN\u00c1LISIS INTEGRAL DEL C\u00d3DIGO CIVIL Y COMERCIAL<\/strong><\/li>\n<li><strong>DERECHO PROCESAL EL C\u00d3DIGO CIVIL Y COMERCIAL<\/strong><\/li>\n<\/ul>\n<p style=\"text-align: justify;\">Los\u00a0cursos est\u00e1n dirigidos a profesionales, abogados, estudiantes de Derecho, profesiones a fines y p\u00fablico en general con inter\u00e9s en el abordaje y estudio INTEGRAL DE TODO EL ARTICULADO DEL NUEVO C\u00d3DIGO CIVIL Y COMERCIAL, LAS VARIANTES DEL DERECHO PROCESAL Y DERECHO DE FAMILIA. Se estudiar\u00e1n las propuestas de reforma desde un punto de vista acad\u00e9mico y te\u00f3rico. Trat\u00e1ndose de una formaci\u00f3n cursada online, el alumno podr\u00e1 adaptar los horarios de trabajo seg\u00fan le sea m\u00e1s eficaz. Podr\u00e1s acceder, descargar e imprimir tanto los contenidos del curso como el material de estudio complementario que ponemos a disposici\u00f3n de los alumnos las 24hs, desde cualquier computadora con conexi\u00f3n a internet.<\/p>\n<p style=\"text-align: justify;\" align=\"JUSTIFY\">Modalidad:<br \/>\nOn-line mediante el uso de una plataforma tecnol\u00f3gica de \u00faltima generaci\u00f3n. Las capacitaciones se realizan por internet. Los cursos de autoaprendizaje est\u00e1n estructurados en m\u00f3dulos en formato texto. Asimismo, cada m\u00f3dulo tendr\u00e1 una Gu\u00eda de Repaso y\/o Actividades (no obligatorias).<br \/>\nLos participantes podr\u00e1n conectarse cuando deseen sin restricciones de d\u00edas ni horarios. El alumno tendr\u00e1 acceso al material de estudio y a las actividades que podr\u00e1 utilizar desde su computadora, bajarlo o imprimirlo. La capacitaci\u00f3n se realiza de manera autoevaluativa y las actividades se autocorrigen. Con la finalizaci\u00f3n del \u00faltimo m\u00f3dulo el alumno podr\u00e1 solicitar su certificado de participaci\u00f3n y lo recibir\u00e1 en formato digital por correo electr\u00f3nico.<\/p>\n<p style=\"color: #555555; text-align: justify;\"><span style=\"color: #ff0000;\">*Al comprar la inscripci\u00f3n al Pack recibir\u00e1 en su email el Link de acceso, nombre de usuario y contrase\u00f1a asignados para acceder a las aulas.<\/span><\/p>\n","protected":false},"featured_media":145771,"template":"","meta":[],"product_brand":[],"product_cat":[652,654],"product_tag":[1802,1803],"class_list":{"0":"post-145770","1":"product","2":"type-product","3":"status-publish","4":"has-post-thumbnail","6":"product_cat-cursos-y-talleres","7":"product_cat-packs","8":"product_tag-analisis-integral-del-codigo-civil-y-comercial","9":"product_tag-derecho-procesal-el-codigo-civil-y-comercial","11":"first","12":"instock","13":"virtual","14":"purchasable","15":"product-type-simple"},"_links":{"self":[{"href":"https:\/\/www.infojudicial.com.ar\/areas\/wp-json\/wp\/v2\/product\/145770","targetHints":{"allow":["GET"]}}],"collection":[{"href":"https:\/\/www.infojudicial.com.ar\/areas\/wp-json\/wp\/v2\/product"}],"about":[{"href":"https:\/\/www.infojudicial.com.ar\/areas\/wp-json\/wp\/v2\/types\/product"}],"wp:featuredmedia":[{"embeddable":true,"href":"https:\/\/www.infojudicial.com.ar\/areas\/wp-json\/wp\/v2\/media\/145771"}],"wp:attachment":[{"href":"https:\/\/www.infojudicial.com.ar\/areas\/wp-json\/wp\/v2\/media?parent=145770"}],"wp:term":[{"taxonomy":"product_brand","embeddable":true,"href":"https:\/\/www.infojudicial.com.ar\/areas\/wp-json\/wp\/v2\/product_brand?post=145770"},{"taxonomy":"product_cat","embeddable":true,"href":"https:\/\/www.infojudicial.com.ar\/areas\/wp-json\/wp\/v2\/product_cat?post=145770"},{"taxonomy":"product_tag","embeddable":true,"href":"https:\/\/www.infojudicial.com.ar\/areas\/wp-json\/wp\/v2\/product_tag?post=145770"}],"curies":[{"name":"wp","href":"https:\/\/api.w.org\/{rel}","templated":true}]}}