{"id":145816,"date":"2019-08-18T19:59:16","date_gmt":"2019-08-18T19:59:16","guid":{"rendered":"https:\/\/www.infojudicial.com.ar\/areas\/?post_type=product&#038;p=71440"},"modified":"2025-01-02T20:50:05","modified_gmt":"2025-01-02T20:50:05","slug":"curso-de-practica-de-la-usucapion","status":"publish","type":"product","link":"https:\/\/www.infojudicial.com.ar\/areas\/tienda\/cursos-y-talleres\/cursos\/curso-de-practica-de-la-usucapion\/","title":{"rendered":"Curso de pr\u00e1ctica de la usucapi\u00f3n"},"content":{"rendered":"<p style=\"text-align: justify;\">El curso est\u00e1 dirigido a profesionales, abogados, estudiantes de Derecho, profesiones a fines y p\u00fablico en general con inter\u00e9s en el campo\u00a0de los Derechos Reales, especialmente ellos que quieran adquirir y profundizar conocimientos en cuanto a la Prescripci\u00f3n Adquisitiva. Se abordar\u00e1 el tema de estudio en forma te\u00f3rica, pr\u00e1ctica y jurisprudencial. Trat\u00e1ndose de una formaci\u00f3n cursada online, el alumno podr\u00e1 adaptar los horarios de trabajo seg\u00fan le sea m\u00e1s eficaz. Podr\u00e1s acceder, descargar e imprimir tanto los contenidos del curso como el material de estudio complementario que ponemos a disposici\u00f3n de los alumnos las 24hs, desde cualquier computadora con conexi\u00f3n a internet.<\/p>\n<p style=\"text-align: justify;\">Modalidad:<br \/>\nOn-line mediante el uso de una plataforma tecnol\u00f3gica de \u00faltima generaci\u00f3n. El curso tiene 6 m\u00f3dulos en formato texto, es de autoaprendizaje y se realiza por internet. Los participantes podr\u00e1n conectarse cuando deseen sin restricciones de d\u00edas ni horarios. El alumno tendr\u00e1 acceso al material de estudio y a las actividades que podr\u00e1 utilizar desde su computadora, bajarlo o imprimirlo. La capacitaci\u00f3n se realiza de manera autoevaluativa y las actividades se autocorrigen. Con la finalizaci\u00f3n del \u00faltimo m\u00f3dulo el alumno podr\u00e1 solicitar su certificado de participaci\u00f3n y lo recibir\u00e1 en formato digital por correo electr\u00f3nico.<\/p>\n<p>Material de estudio:<br \/>\nPonemos a disposici\u00f3n de los alumnos fallos, legislaci\u00f3n y modelos de escritos para el ejercicio profesional.<\/p>\n<p style=\"text-align: justify;\" align=\"JUSTIFY\">Medios de pago:<br \/>\nArancel del curso completo: $4800 pesos finales<br \/>\nPagoFacil \u2013 Tarjeta de cr\u00e9dito y\/o d\u00e9bito \u2013 Transferencia electr\u00f3nica \u2013 Dep\u00f3sito bancario.<\/p>\n<p style=\"text-align: justify;\" align=\"JUSTIFY\"><strong>PROGRAMA DEL CURSO<\/strong><\/p>\n<p>Introducci\u00f3n<\/p>\n<p>M\u00f3dulo I<br \/>\nNociones generales<br \/>\nIntroducci\u00f3n<br \/>\nConcepto de dominio<br \/>\nConcepto de la prescripci\u00f3n<br \/>\nUsucapi\u00f3n y prescripci\u00f3n liberatoria<br \/>\nLa prescripci\u00f3n como el instrumento de la certeza del derecho<\/p>\n<p>M\u00f3dulo II<br \/>\nLa usucapi\u00f3n<br \/>\nIntroducci\u00f3n<br \/>\nDefinici\u00f3n<br \/>\nFundamento, funci\u00f3n y utilidad<br \/>\nNaturaleza jur\u00eddica<br \/>\nClases de usucapi\u00f3n<br \/>\nElementos de la usucapi\u00f3n<br \/>\nLa posesi\u00f3n<br \/>\nEl tiempo<br \/>\nPrescripci\u00f3n adquisitiva breve<br \/>\nElementos espec\u00edficos<br \/>\nPrescripci\u00f3n adquisitiva larga<\/p>\n<p>M\u00f3dulo III<br \/>\nPosesi\u00f3n<br \/>\nIntroducci\u00f3n<br \/>\nConcepto<br \/>\nCoposesi\u00f3n<br \/>\nAdquisici\u00f3n de poder<br \/>\nActos posesorios<br \/>\nPresunciones de la posesi\u00f3n<br \/>\nPresunci\u00f3n de poseedor<br \/>\nPresunci\u00f3n de fecha y extensi\u00f3n<br \/>\nPresunci\u00f3n de legitimidad e innecesaridad de t\u00edtulo<br \/>\nPresunci\u00f3n de continuidad y conservaci\u00f3n<br \/>\nPresunci\u00f3n de buena fe<br \/>\nInmutabilidad de la causa e interversi\u00f3n del t\u00edtulo<br \/>\nUni\u00f3n de posesiones<br \/>\nSucesi\u00f3n a t\u00edtulo universal<br \/>\nSucesi\u00f3n a t\u00edtulo singular<br \/>\nPosesi\u00f3n y propiedad<br \/>\nClasificaci\u00f3n de la posesi\u00f3n<br \/>\nBuena fe. Presunci\u00f3n de buena fe<br \/>\nMala fe. Presunciones de mala fe<br \/>\nDeterminaci\u00f3n de buena o mala fe<br \/>\nPosesi\u00f3n viciosa en inmuebles<\/p>\n<p>M\u00f3dulo IV<br \/>\nEl tiempo<br \/>\nIntroducci\u00f3n<br \/>\nNoci\u00f3n del transcurso del tiempo<br \/>\nCar\u00e1cter imperativo de la prescripci\u00f3n<br \/>\nSuspensi\u00f3n de la prescripci\u00f3n<br \/>\nConcepto, causas y efectos<br \/>\nInterrupci\u00f3n de la prescripci\u00f3n<br \/>\nConcepto, causas y efectos<br \/>\nSujetos y alcance subjetivo<br \/>\nImpedimentos para el ejercicio del derecho (dispensa)<br \/>\nRenuncia del derecho<br \/>\nEfectos del cumplimiento del t\u00e9rmino<\/p>\n<p>M\u00f3dulo V<br \/>\nSujetos y objeto<br \/>\nIntroducci\u00f3n<br \/>\nSujetos de la usucapi\u00f3n. Legitimaci\u00f3n activa. Legitimaci\u00f3n pasiva Capacidad<br \/>\nCosas que pueden ser adquiridas por prescripci\u00f3n<\/p>\n<p>M\u00f3dulo VI<br \/>\nLa sentencia y sus efectos<br \/>\nIntroducci\u00f3n<br \/>\nNaturaleza y estructura de la sentencia<br \/>\nEfectos de la sentencia y de su registraci\u00f3n<br \/>\nEfectos de la sentencia respecto de las situaciones registrales y catastrales preexistentes<br \/>\nReflexi\u00f3n final. Aporte a la soluci\u00f3n de la falta de seguridad jur\u00eddica del poseedor<br \/>\nConclusi\u00f3n final<br \/>\nBibliograf\u00eda consultada<br \/>\nDoctrina<br \/>\n2. Jurisprudencia<br \/>\n3. Legislaci\u00f3n<\/p>\n<p>Parte Pr\u00e1ctica<br \/>\nAPLICACI\u00d3N PR\u00c1CTICA. MODELOS<br \/>\nLa demanda de usucapi\u00f3n aplicando el C\u00f3digo Civil y Comercial<br \/>\na) Introducci\u00f3n<br \/>\nb) Usucapi\u00f3n Veintea\u00f1al o Prescripci\u00f3n Larga<br \/>\nc) Procedimiento<br \/>\nd) Requisitos para iniciar el juicio de usucapi\u00f3n<br \/>\ne) Partes en el juicio demandante y demandado<br \/>\nf) Pruebas. El pago de los impuestos. Los testigos<br \/>\ng) Competencia<br \/>\nh) La sentencia<br \/>\ni) Inscripci\u00f3n registral del Dominio<br \/>\nj) Costas<br \/>\nk) Honorarios<\/p>\n<p>MODELOS<br \/>\na) Promueve demanda de usucapi\u00f3n. Adquisici\u00f3n de dominio por usucapi\u00f3n. Posesi\u00f3n veintea\u00f1al. Desconocimiento total del domicilio del due\u00f1o<br \/>\nb) Contestaci\u00f3n de la demanda alegando propiedad del inmueble. Negaci\u00f3n de abandono total de la propiedad<br \/>\nc) Modelo. Promueve demanda por usucapi\u00f3n veintea\u00f1al<br \/>\nd) Modelo de cancelaci\u00f3n de dominio por reconocimiento de usucapi\u00f3n en proceso de mediaci\u00f3n ley 26.589<br \/>\ne) Modelo de registraci\u00f3n de t\u00edtulo por usucapi\u00f3n<br \/>\n1) Introducci\u00f3n<br \/>\n2) Instructivo n\u00b0 11 del Registro de la Propiedad<br \/>\n3) Registraci\u00f3n<br \/>\n4) Tratamiento impositivo<br \/>\n5) Modelo de escritura<br \/>\nf) Modelos de edicto de prescripci\u00f3n adquisitiva<br \/>\n1) Modelo I<br \/>\n2) Modelo II<br \/>\ng) Modelo. Inicia demanda por prescripci\u00f3n adquisitiva<\/p>\n<p style=\"text-align: justify;\"><span style=\"color: #ff0000;\">*Al comprar la inscripci\u00f3n al Curso recibir\u00e1 en su email el link del curso o taller, nombre de usuario y contrase\u00f1a asignado para acceder a las aulas.<\/span><\/p>\n<p style=\"text-align: center;\"><a href=\"https:\/\/www.infojudicial.com.ar\/areas\/shop\/cursos-y-talleres\/?add-to-cart=71440\">Comprar<\/a><\/p>\n","protected":false},"excerpt":{"rendered":"<p style=\"text-align: justify;\">El curso est\u00e1 dirigido a profesionales, abogados, estudiantes de Derecho, profesiones a fines y p\u00fablico en general con inter\u00e9s en el campo\u00a0de los Derechos Reales, especialmente ellos que quieran adquirir y profundizar conocimientos en cuanto a la Prescripci\u00f3n Adquisitiva.<\/p>\n","protected":false},"featured_media":145817,"template":"","meta":[],"product_brand":[],"product_cat":[652,655],"product_tag":[1832,1831,1805],"class_list":{"0":"post-145816","1":"product","2":"type-product","3":"status-publish","4":"has-post-thumbnail","6":"product_cat-cursos-y-talleres","7":"product_cat-cursos","8":"product_tag-derecho-civil","9":"product_tag-derechos-reales","10":"product_tag-practica-de-la-usucapion","12":"first","13":"instock","14":"virtual","15":"purchasable","16":"product-type-simple"},"_links":{"self":[{"href":"https:\/\/www.infojudicial.com.ar\/areas\/wp-json\/wp\/v2\/product\/145816","targetHints":{"allow":["GET"]}}],"collection":[{"href":"https:\/\/www.infojudicial.com.ar\/areas\/wp-json\/wp\/v2\/product"}],"about":[{"href":"https:\/\/www.infojudicial.com.ar\/areas\/wp-json\/wp\/v2\/types\/product"}],"wp:featuredmedia":[{"embeddable":true,"href":"https:\/\/www.infojudicial.com.ar\/areas\/wp-json\/wp\/v2\/media\/145817"}],"wp:attachment":[{"href":"https:\/\/www.infojudicial.com.ar\/areas\/wp-json\/wp\/v2\/media?parent=145816"}],"wp:term":[{"taxonomy":"product_brand","embeddable":true,"href":"https:\/\/www.infojudicial.com.ar\/areas\/wp-json\/wp\/v2\/product_brand?post=145816"},{"taxonomy":"product_cat","embeddable":true,"href":"https:\/\/www.infojudicial.com.ar\/areas\/wp-json\/wp\/v2\/product_cat?post=145816"},{"taxonomy":"product_tag","embeddable":true,"href":"https:\/\/www.infojudicial.com.ar\/areas\/wp-json\/wp\/v2\/product_tag?post=145816"}],"curies":[{"name":"wp","href":"https:\/\/api.w.org\/{rel}","templated":true}]}}