{"id":145842,"date":"2023-12-20T10:30:05","date_gmt":"2023-12-20T10:30:05","guid":{"rendered":"https:\/\/www.infojudicial.com.ar\/areas\/?post_type=product&#038;p=71309"},"modified":"2025-01-02T20:53:31","modified_gmt":"2025-01-02T20:53:31","slug":"inscripcion-como-alumno-regular-anual","status":"publish","type":"product","link":"https:\/\/www.infojudicial.com.ar\/areas\/tienda\/cursos-y-talleres\/inscripcion-como-alumno-regular-anual\/","title":{"rendered":"25% off \u2013 inscripci\u00f3n como alumno anual"},"content":{"rendered":"","protected":false},"excerpt":{"rendered":"<h1 style=\"color: #333333; padding-left: 30px; text-align: justify;\"><strong><span style=\"color: #333399;\">HASTA 3 CUOTAS SIN INTER\u00c9S<\/span><\/strong><strong><span style=\"color: #333399;\">\u00a0<a href=\"https:\/\/base.bibliotecajuridica.com.ar\/finalizar-compra\/?add-to-cart=145842\"><img loading=\"lazy\" decoding=\"async\" class=\"size-full wp-image-84785 alignnone\" src=\"https:\/\/www.escritosjuridicos.com\/wp-content\/uploads\/2023\/02\/comprar.png\" alt=\"\" width=\"101\" height=\"47\" \/><\/a><\/span><\/strong><\/h1>\n<h1><span style=\"color: #ff0000;\">MATR\u00cdCULA 2024-2025\u00a0<\/span><\/h1>\n<h1><span style=\"color: #000080;\"><strong>Metodolog\u00eda de estudio.<\/strong><\/span><\/h1>\n<p style=\"color: #000000; padding-left: 30px; text-align: justify;\"><img loading=\"lazy\" decoding=\"async\" src=\"http:\/\/www.campusjuridico.com\/flecha_roja.gif\" alt=\"\" width=\"11\" height=\"11\" data-lazy-loaded=\"true\" \/><span style=\"color: #000000;\">\u00a0La Capacitaci\u00f3n a Distancia tiene entre tantas ventajas, la disponibilidad de estudiar las 24 horas, los 365 d\u00edas del a\u00f1o. Adaptaci\u00f3n del proceso educativo a la velocidad de aprendizaje de cada individuo. Medio ideal para la ense\u00f1anza cont\u00ednua. No posee barreras ni l\u00edmites en la informaci\u00f3n recibida.<\/span><\/p>\n<p style=\"color: #000000; padding-left: 30px; text-align: justify;\"><span style=\"color: #000000;\"><img loading=\"lazy\" decoding=\"async\" src=\"http:\/\/www.campusjuridico.com\/flecha_roja.gif\" alt=\"\" width=\"11\" height=\"11\" data-lazy-loaded=\"true\" \/>\u00a0Tanto los cursos como los talleres est\u00e1n estructurados en m\u00f3dulos, pensados para ser realizados \u00a0en forma semanal. Asimismo, cada m\u00f3dulo tendr\u00e1 una Gu\u00eda de Repaso y\/o Actividades (no obligatorias).<\/span><\/p>\n<p style=\"color: #000000; padding-left: 30px; text-align: justify;\"><img loading=\"lazy\" decoding=\"async\" src=\"http:\/\/www.campusjuridico.com\/flecha_roja.gif\" alt=\"\" width=\"11\" height=\"11\" data-lazy-loaded=\"true\" \/>\u00a0<span style=\"color: #000000;\">A la finalizaci\u00f3n de todos los M\u00f3dulos, se realizar\u00e1 un examen final (no obligatorio) que el alumno podr\u00e1 entregar para su revisi\u00f3n. Una vez revisado dicho examen, se enviar\u00e1 el correspondiente certificado de participaci\u00f3n del curso.<\/span><\/p>\n<p style=\"color: #000000; padding-left: 30px; text-align: justify;\"><span style=\"color: #000000;\"><img loading=\"lazy\" decoding=\"async\" src=\"http:\/\/www.campusjuridico.com\/flecha_roja.gif\" alt=\"\" width=\"11\" height=\"11\" data-lazy-loaded=\"true\" \/> El material de estudio y de consulta, est\u00e1 siempre disponible, en tiempo real, desde su hogar o su estudio, en cualquier computadora, sin l\u00edmites ni restricciones de acceso, por todo el tiempo de duraci\u00f3n del curso.\u00a0<\/span><\/p>\n<p style=\"color: #000000; padding-left: 30px; text-align: justify;\"><img loading=\"lazy\" decoding=\"async\" src=\"http:\/\/www.campusjuridico.com\/flecha_roja.gif\" alt=\"\" width=\"11\" height=\"11\" data-lazy-loaded=\"true\" \/>\u00a0<span style=\"color: #000000;\">El cursado es 100% por Internet. NO hay clases presenciales. Mediante un nombre de usuario y un password el alumno accede al Campus Virtual.<\/span><\/p>\n<h1 style=\"color: #000000; text-align: justify;\"><strong><span style=\"color: #000080;\">Caracter\u00edsticas de los cursos y\/o talleres para Alumnos Regulares.<\/span><\/strong><\/h1>\n<p style=\"color: #373737; padding-left: 30px; text-align: justify;\"><span style=\"color: #000000;\">La inscripci\u00f3n y acceso a las ofertas de capacitaci\u00f3n, no dependen de ninguna fecha de inicio estipulada previamente. Una vez inscripto, el alumno recibe el alta de su nombre de usuario y contrase\u00f1a para acceder a la totalidad de las aulas y comenzar la cursada de los cursos y\/o talleres que desee.<\/span><br \/>\n<span style=\"color: #000000;\"> El alumno dispondr\u00e1 de 12\u00a0meses para realizar todos los\u00a0cursos y\/o talleres, a su propio ritmo, sin horarios fijos.<\/span><\/p>\n<h1><strong><span style=\"color: #000080;\">Certificados\u00a0<\/span><\/strong><\/h1>\n<p style=\"padding-left: 30px; text-align: justify;\"><span style=\"color: #000000;\">Una vez finalizado el cursado de un curso o taller, el alumno podr\u00e1 solicitar su certificado de participaci\u00f3n. El mismo ser\u00e1 enviado en formato digital por email. No hay costos extras por la emisi\u00f3n de los certificados.<\/span><\/p>\n<h1><strong><span style=\"color: #000080;\">Acceso a la Biblioteca Jur\u00eddica\u00a0<\/span><\/strong><\/h1>\n<p style=\"padding-left: 30px; text-align: justify;\"><span style=\"color: #000000;\">El alumno tendr\u00e1 acceso ilimitado a la Biblioteca Jur\u00eddica <a href=\"https:\/\/biblioteca.todoelderecho.com\">https:\/\/biblioteca.todoelderecho.com<\/a> tambi\u00e9n por 12 meses corridos donde podr\u00e1 consultar Legislaci\u00f3n, Jurisprudencia y Modelos de Escritos.<\/span><\/p>\n<h1><span style=\"color: #000080;\"><strong>Preguntas Frecuentes<\/strong><\/span><\/h1>\n<h1 style=\"font-weight: 300; color: #555555; padding-left: 30px; text-align: justify;\"><strong><span style=\"font-style: inherit; color: #666699;\">\u00bfA qu\u00e9 cursos y talleres \u00a0tendr\u00e9 acceso?<\/span><\/strong><\/h1>\n<p style=\"padding-left: 30px; text-align: justify;\"><span style=\"color: #000000;\">Actualmente ponemos a disposici\u00f3n de los alumnos los siguientes cursos y talleres: (haga click en cada uno de ellos para visualizar el programa de estudio)<\/span><\/p>\n<p>Cursos<\/p>\n<p>An\u00e1lisis Integral del nuevo C\u00f3digo Civil y Comercial.<br \/>\nAbogado del Ni\u00f1o.<br \/>\nAsistente jur\u00eddico.<br \/>\nBullying y el delito de Grooming.<br \/>\nDa\u00f1os y Perjuicios en el C\u00f3digo Civil y Comercial.<br \/>\nDefensa del Consumidor y del Usuario.<br \/>\nDelitos Inform\u00e1ticos.<br \/>\nDerecho Procesal en el C\u00f3digo Civil y Comercial.<br \/>\nDerechos Reales en el C\u00f3digo Civil y Comercial.<br \/>\nDerecho Sucesorio en el C\u00f3digo Civil y Comercial.<br \/>\nPr\u00e1ctica de la Usucapi\u00f3n en el C\u00f3digo Civil y Comercial.<br \/>\nPr\u00e1ctica en Contratos.<br \/>\nPr\u00e1ctica en Derecho de Familia.<br \/>\nPr\u00e1ctica en Derecho Laboral.<br \/>\nPr\u00e1ctica en Jubilaciones y Pensiones.<br \/>\nPr\u00e1ctica en Responsabilidad Civil.<br \/>\nPr\u00e1ctica en Sucesiones.<br \/>\nReclamos por Accidentes de Tr\u00e1nsito (CCC).<br \/>\nR\u00e9gimen Patrimonial del Matrimonio en el nuevo C\u00f3digo Civil y Comercial.<br \/>\nResponsabilidad Parental en el C\u00f3digo Civil y Comercial.<br \/>\nRiesgos del Trabajo.<br \/>\nUniones Convivenciales<\/p>\n<p>Talleres<\/p>\n<p>Juicio por Reajuste de Haberes Previsionales.<br \/>\nMobbing. Discriminaci\u00f3n y Violencia en el Trabajo.<br \/>\nMoratoria Previsional \u2013 Ley 26.970.<br \/>\nRedacci\u00f3n Jur\u00eddica.<\/p>\n<h1 style=\"padding-left: 30px; text-align: justify;\"><strong><span style=\"color: #666699;\">\u00bfA quienes est\u00e1n\u00a0destinados los cursos y\/o talleres on line? <\/span><\/strong><\/h1>\n<p style=\"padding-left: 30px; text-align: justify;\"><span style=\"color: #000000;\">Los\u00a0cursos y talleres est\u00e1n dirigidos a profesionales, abogados, estudiantes de Derecho, profesionales afines y p\u00fablico en general con inter\u00e9s en los temas tratados, especialmente quienes\u00a0quieran adquirir o profundizar conocimientos en una tem\u00e1tica espec\u00edfica.\u00a0 <\/span><\/p>\n<h1 style=\"padding-left: 30px; text-align: justify;\"><strong><span style=\"color: #666699;\">\u00bfCu\u00e1les son los Requerimientos t\u00e9cnicos para acceder a los cursos y\/o talleres?<\/span><\/strong><\/h1>\n<p style=\"padding-left: 30px; text-align: justify;\"><span style=\"color: #000000;\">Solo necesita de una pc con conexi\u00f3n a internet y el software b\u00e1sico como ser un navegador por ej: chrome, word, adobe reader.<\/span><\/p>\n<h1 style=\"padding-left: 30px; text-align: justify;\"><strong><span style=\"color: #666699;\">\u00bfPuedo acceder y cursar todos los cursos que quiera?<\/span><\/strong><\/h1>\n<p style=\"padding-left: 30px; text-align: justify;\"><span style=\"color: #000000;\">Si, el alumno puede acceder a la totalidad de las ofertas en capacitaci\u00f3n que ofrecemos. Podr\u00e1 cursar la cantidad de cursos y talleres que desee. No hay restricciones, ni l\u00edmites de acceso a las aulas.<\/span><\/p>\n<h1 style=\"padding-left: 30px; text-align: justify;\"><span style=\"color: #333333;\"><strong><span style=\"color: #666699;\">\u00bfSe pondr\u00e1n a disposici\u00f3n m\u00e1s cursos y\/o talleres?<\/span><\/strong>\u00a0<\/span><\/h1>\n<p style=\"padding-left: 30px; text-align: justify;\"><span style=\"color: #000000;\">Si, peri\u00f3dicamente se ir\u00e1n incorporando nuevos cursos y talleres sobre distintos temas de inter\u00e9s, a los cuales el alumno regular tendr\u00e1 libre ingreso sin abonar ning\u00fan costo de inscripci\u00f3n.<\/span><\/p>\n<h1 style=\"padding-left: 30px; text-align: justify;\"><strong><span style=\"color: #666699;\">\u00bfPuedo descargar el contenido de los cursos?<\/span><\/strong><\/h1>\n<p style=\"padding-left: 30px; text-align: justify;\"><span style=\"color: #000000;\">S\u00ed, podr\u00e1 descargar y tambi\u00e9n imprimir tanto el contenido de los m\u00f3dulos de los cursos y talleres, como el material de estudio complementario.<\/span><\/p>\n<h1 style=\"padding-left: 30px; text-align: justify;\"><strong><span style=\"color: #666699;\">\u00bfTengo que estar permanentemente conectado a internet para cursar?<\/span><\/strong><\/h1>\n<p style=\"padding-left: 30px; text-align: justify;\"><span style=\"color: #000000;\">No es necesario estar siempre conectado para cursar. Con solo conectarse podr\u00e1 descargar los m\u00f3dulos que est\u00e9 cursando y visualizarlos en cualquier pc, notebook, tablet o incluso podr\u00e1 conectarse desde un locutorio.<\/span><\/p>\n<h1 style=\"padding-left: 30px; text-align: justify;\"><strong><span style=\"color: #666699;\">\u00bfHay que abonar cuotas mensuales?<\/span><\/strong><\/h1>\n<p style=\"padding-left: 30px; text-align: justify;\"><span style=\"color: #000000;\">No, solo se abona la inscripci\u00f3n anual. No hay cuotas mensuales ni cargos de ning\u00fan otro tipo.<\/span><\/p>\n<h1 style=\"padding-left: 30px; text-align: justify;\"><strong><span style=\"color: #666699;\">\u00bfCu\u00e1l es el valor de la inscripci\u00f3n como Alumno Regular?<\/span><\/strong><\/h1>\n<p style=\"padding-left: 30px; text-align: justify;\"><span style=\"color: #000000;\">La inscripci\u00f3n tiene un arancel de $32.900 pesos finales.<\/span><\/p>\n<h1 style=\"padding-left: 30px; text-align: justify;\"><strong><span style=\"color: #666699;\">\u00bfSi me inscribo ahora, hasta cuando tengo acceso a las aulas?<\/span><\/strong><\/h1>\n<p style=\"padding-left: 30px; text-align: justify;\"><span style=\"color: #000000;\">La inscripci\u00f3n otorga acceso libre a todas las aulas por 12 meses corridos. Es decir, si se inscribe el 1\/1\/2024 tendr\u00e1 acceso hasta el 1\/1\/2025.<\/span><\/p>\n<h1 style=\"padding-left: 30px; text-align: justify;\"><strong><span style=\"color: #666699;\">\u00bfC\u00f3mo accedo a las aulas?<\/span><\/strong><\/h1>\n<p style=\"padding-left: 30px; text-align: justify;\"><span style=\"color: #000000;\">Una vez inscripto, el alumno recibir\u00e1 en su email los datos de su cuenta (Links de los cursos y talleres, nombre de usuario y contrase\u00f1a) con los que podr\u00e1 ingresar al aula que desee desde el men\u00fa superior \u00abaulas\u00bb.<\/span><\/p>\n<p style=\"color: #555555; text-align: justify;\"><span style=\"color: #000000;\">Inscr\u00edbase al Campus Jur\u00eddico y acceda a todos los cursos y talleres por 12 meses corridos abonando un \u00fanico pago de $32.900 pesos finales.\u00a0<\/span><\/p>\n<p style=\"color: #555555; text-align: justify;\"><span style=\"color: #ff0000;\">*Al comprar la inscripci\u00f3n como alumno regular, recibir\u00e1 en su email el nombre de usuario y contrase\u00f1a asignado para acceder a las aulas.<\/span><\/p>\n<p style=\"text-align: center;\"><a href=\"https:\/\/base.bibliotecajuridica.com.ar\/finalizar-compra\/?add-to-cart=145842\">Comprar<\/a><\/p>\n<h1><\/h1>\n","protected":false},"featured_media":145843,"template":"","meta":[],"product_brand":[],"product_cat":[657,652],"product_tag":[1832],"class_list":{"0":"post-145842","1":"product","2":"type-product","3":"status-publish","4":"has-post-thumbnail","6":"product_cat-promociones","7":"product_cat-cursos-y-talleres","8":"product_tag-derecho-civil","10":"first","11":"instock","12":"sale","13":"featured","14":"virtual","15":"purchasable","16":"product-type-simple"},"_links":{"self":[{"href":"https:\/\/www.infojudicial.com.ar\/areas\/wp-json\/wp\/v2\/product\/145842","targetHints":{"allow":["GET"]}}],"collection":[{"href":"https:\/\/www.infojudicial.com.ar\/areas\/wp-json\/wp\/v2\/product"}],"about":[{"href":"https:\/\/www.infojudicial.com.ar\/areas\/wp-json\/wp\/v2\/types\/product"}],"wp:featuredmedia":[{"embeddable":true,"href":"https:\/\/www.infojudicial.com.ar\/areas\/wp-json\/wp\/v2\/media\/145843"}],"wp:attachment":[{"href":"https:\/\/www.infojudicial.com.ar\/areas\/wp-json\/wp\/v2\/media?parent=145842"}],"wp:term":[{"taxonomy":"product_brand","embeddable":true,"href":"https:\/\/www.infojudicial.com.ar\/areas\/wp-json\/wp\/v2\/product_brand?post=145842"},{"taxonomy":"product_cat","embeddable":true,"href":"https:\/\/www.infojudicial.com.ar\/areas\/wp-json\/wp\/v2\/product_cat?post=145842"},{"taxonomy":"product_tag","embeddable":true,"href":"https:\/\/www.infojudicial.com.ar\/areas\/wp-json\/wp\/v2\/product_tag?post=145842"}],"curies":[{"name":"wp","href":"https:\/\/api.w.org\/{rel}","templated":true}]}}